{"id":611,"date":"2025-06-30T09:46:18","date_gmt":"2025-06-30T09:46:18","guid":{"rendered":"http:\/\/tcn.nl\/?page_id=611"},"modified":"2025-09-16T13:14:39","modified_gmt":"2025-09-16T11:14:39","slug":"yirmilik-dis-cekimi-sonrasi-tavsiyeler","status":"publish","type":"page","link":"https:\/\/tcn.nl\/tr\/tips-na-het-trekken-van-de-verstandskies\/","title":{"rendered":"Yirmilik di\u015f \u00e7ekimi sonras\u0131 tavsiyeler"},"content":{"rendered":"","protected":false},"excerpt":{"rendered":"","protected":false},"author":1,"featured_media":0,"parent":0,"menu_order":0,"comment_status":"closed","ping_status":"closed","template":"","meta":{"_acf_changed":false,"footnotes":""},"class_list":["post-611","page","type-page","status-publish","hentry"],"acf":[],"_links":{"self":[{"href":"https:\/\/tcn.nl\/tr\/wp-json\/wp\/v2\/pages\/611","targetHints":{"allow":["GET"]}}],"collection":[{"href":"https:\/\/tcn.nl\/tr\/wp-json\/wp\/v2\/pages"}],"about":[{"href":"https:\/\/tcn.nl\/tr\/wp-json\/wp\/v2\/types\/page"}],"author":[{"embeddable":true,"href":"https:\/\/tcn.nl\/tr\/wp-json\/wp\/v2\/users\/1"}],"replies":[{"embeddable":true,"href":"https:\/\/tcn.nl\/tr\/wp-json\/wp\/v2\/comments?post=611"}],"version-history":[{"count":4,"href":"https:\/\/tcn.nl\/tr\/wp-json\/wp\/v2\/pages\/611\/revisions"}],"predecessor-version":[{"id":1317,"href":"https:\/\/tcn.nl\/tr\/wp-json\/wp\/v2\/pages\/611\/revisions\/1317"}],"wp:attachment":[{"href":"https:\/\/tcn.nl\/tr\/wp-json\/wp\/v2\/media?parent=611"}],"curies":[{"name":"wp","href":"https:\/\/api.w.org\/{rel}","templated":true}]}}