{"id":1214,"date":"2025-07-17T09:00:39","date_gmt":"2025-07-17T09:00:39","guid":{"rendered":"http:\/\/tcn.nl\/?page_id=1214"},"modified":"2025-09-16T11:19:46","modified_gmt":"2025-09-16T09:19:46","slug":"kacirilan-randevu","status":"publish","type":"page","link":"https:\/\/tcn.nl\/tr\/niet-nagekomen-afspraak\/","title":{"rendered":"Randevuyu ka\u00e7\u0131rd\u0131m"},"content":{"rendered":"","protected":false},"excerpt":{"rendered":"","protected":false},"author":1,"featured_media":0,"parent":0,"menu_order":0,"comment_status":"closed","ping_status":"closed","template":"","meta":{"_acf_changed":false,"footnotes":""},"class_list":["post-1214","page","type-page","status-publish","hentry"],"acf":[],"_links":{"self":[{"href":"https:\/\/tcn.nl\/tr\/wp-json\/wp\/v2\/pages\/1214","targetHints":{"allow":["GET"]}}],"collection":[{"href":"https:\/\/tcn.nl\/tr\/wp-json\/wp\/v2\/pages"}],"about":[{"href":"https:\/\/tcn.nl\/tr\/wp-json\/wp\/v2\/types\/page"}],"author":[{"embeddable":true,"href":"https:\/\/tcn.nl\/tr\/wp-json\/wp\/v2\/users\/1"}],"replies":[{"embeddable":true,"href":"https:\/\/tcn.nl\/tr\/wp-json\/wp\/v2\/comments?post=1214"}],"version-history":[{"count":12,"href":"https:\/\/tcn.nl\/tr\/wp-json\/wp\/v2\/pages\/1214\/revisions"}],"predecessor-version":[{"id":1351,"href":"https:\/\/tcn.nl\/tr\/wp-json\/wp\/v2\/pages\/1214\/revisions\/1351"}],"wp:attachment":[{"href":"https:\/\/tcn.nl\/tr\/wp-json\/wp\/v2\/media?parent=1214"}],"curies":[{"name":"wp","href":"https:\/\/api.w.org\/{rel}","templated":true}]}}