{"id":6,"date":"2025-06-30T15:04:55","date_gmt":"2025-06-30T15:04:55","guid":{"rendered":"http:\/\/tcn.nl\/tandarts-haarlem\/?page_id=6"},"modified":"2026-04-17T09:26:40","modified_gmt":"2026-04-17T07:26:40","slug":"home","status":"publish","type":"page","link":"https:\/\/tcn.nl\/tandarts-haarlem\/","title":{"rendered":"Home"},"content":{"rendered":"<h2 class=\"fw-semibold\"><strong>Tandartspraktijk in Haarlem centrum zonder wachtlijst<\/strong><\/h2>\n<p>Welkom bij Tandartspraktijk TCN Haarlem, uw tandarts in Haarlem centrum. Onze praktijk aan het Spaarne is centraal gelegen en goed bereikbaar, zowel met de auto als het openbaar vervoer. U kunt bij ons vaak snel terecht, ook als nieuwe pati\u00ebnt en zonder lange wachttijden.<\/p>\n<h3 class=\"fw-semibold\"><strong>Complete mondzorg in Haarlem<\/strong><\/h3>\n<p>In onze tandartspraktijk in Haarlem bieden wij alle behandelingen onder \u00e9\u00e9n dak. U kunt bij ons terecht voor onder andere periodieke controles, mondhygi\u00ebne, het vullen van gaatjes en esthetische behandelingen zoals tanden bleken en facings. Door onze moderne behandelkamers en apparatuur kunnen wij u snel en effici\u00ebnt helpen.<\/p>\n<h3 class=\"fw-semibold\"><strong>Persoonlijke begeleiding door ervaren tandartsen<\/strong><\/h3>\n<p>Ons team van tandartsen en mondhygi\u00ebnisten in Haarlem neemt de tijd om u goed te begeleiden. Of u nu komt voor een controle of een uitgebreide behandeling, wij zorgen ervoor dat u zich op uw gemak voelt en precies weet waar u aan toe bent.<\/p>\n<h3 class=\"fw-semibold\"><strong>Goed bereikbaar in Haarlem<\/strong><\/h3>\n<p>De praktijk is gevestigd aan <a href=\"https:\/\/www.google.com\/maps\/place\/Tandheelkundig+Centrum+Nederland\/@52.3794567,4.6352183,873m\/data=!3m2!1e3!4b1!4m15!1m8!3m7!1s0x47c5ef6a2c13ac73:0x25858d445c299db6!2sSpaarne+72,+2011+CL+Haarlem!3b1!8m2!3d52.3794535!4d4.6377932!16s%2Fg%2F11rg66t37d!3m5!1s0x47c5efaafff3ce23:0x653ede6ae415c612!8m2!3d52.3794535!4d4.6377932!16s%2Fg%2F11shqcm7xc?hl=en&amp;entry=ttu&amp;g_ep=EgoyMDI2MDQxMy4wIKXMDSoASAFQAw%3D%3D\" target=\"_blank\" rel=\"noopener\">het Spaarne<\/a> in Haarlem centrum. In de straat bevindt zich een bushalte, waardoor u eenvoudig met het openbaar vervoer naar de praktijk komt. Komt u met de auto? Er zijn parkeerplekken in de straat beschikbaar, zodat u ook met de auto gemakkelijk bij ons terecht kunt.<\/p>\n<p><a href=\"https:\/\/tcn.nl\/tandarts-haarlem\/team\/\"><strong>Neem contact op<\/strong><\/a><\/p>\n","protected":false},"excerpt":{"rendered":"<p>Tandartspraktijk in Haarlem centrum zonder wachtlijst Welkom bij Tandartspraktijk TCN Haarlem, uw tandarts in Haarlem centrum. Onze praktijk aan het Spaarne is centraal gelegen en goed bereikbaar, zowel met de auto als het openbaar vervoer. U kunt bij ons vaak snel terecht, ook als nieuwe pati\u00ebnt en zonder lange wachttijden. Complete mondzorg in Haarlem In [&hellip;]<\/p>\n","protected":false},"author":1,"featured_media":26,"parent":0,"menu_order":0,"comment_status":"closed","ping_status":"closed","template":"","meta":{"_acf_changed":false,"footnotes":""},"class_list":["post-6","page","type-page","status-publish","has-post-thumbnail","hentry"],"acf":[],"_links":{"self":[{"href":"https:\/\/tcn.nl\/tandarts-haarlem\/wp-json\/wp\/v2\/pages\/6","targetHints":{"allow":["GET"]}}],"collection":[{"href":"https:\/\/tcn.nl\/tandarts-haarlem\/wp-json\/wp\/v2\/pages"}],"about":[{"href":"https:\/\/tcn.nl\/tandarts-haarlem\/wp-json\/wp\/v2\/types\/page"}],"author":[{"embeddable":true,"href":"https:\/\/tcn.nl\/tandarts-haarlem\/wp-json\/wp\/v2\/users\/1"}],"replies":[{"embeddable":true,"href":"https:\/\/tcn.nl\/tandarts-haarlem\/wp-json\/wp\/v2\/comments?post=6"}],"version-history":[{"count":39,"href":"https:\/\/tcn.nl\/tandarts-haarlem\/wp-json\/wp\/v2\/pages\/6\/revisions"}],"predecessor-version":[{"id":83,"href":"https:\/\/tcn.nl\/tandarts-haarlem\/wp-json\/wp\/v2\/pages\/6\/revisions\/83"}],"wp:featuredmedia":[{"embeddable":true,"href":"https:\/\/tcn.nl\/tandarts-haarlem\/wp-json\/wp\/v2\/media\/26"}],"wp:attachment":[{"href":"https:\/\/tcn.nl\/tandarts-haarlem\/wp-json\/wp\/v2\/media?parent=6"}],"curies":[{"name":"wp","href":"https:\/\/api.w.org\/{rel}","templated":true}]}}