{"id":6,"date":"2025-06-30T15:04:55","date_gmt":"2025-06-30T15:04:55","guid":{"rendered":"http:\/\/tcn.nl\/tandarts-haarlem\/?page_id=6"},"modified":"2026-04-17T09:26:40","modified_gmt":"2026-04-17T07:26:40","slug":"home","status":"publish","type":"page","link":"https:\/\/tcn.nl\/tandarts-haarlem\/tr\/","title":{"rendered":"Ev"},"content":{"rendered":"<h2 class=\"fw-semibold\"><strong>Haarlem \u015fehir merkezinde bekleme listesi olmayan di\u015f klini\u011fi<\/strong><\/h2>\n<p>Haarlem \u015fehir merkezindeki di\u015f hekiminiz TCN Haarlem Di\u015f Klini\u011fi&#039;ne ho\u015f geldiniz. Spaarne \u00fczerindeki klini\u011fimiz merkezi bir konumda olup hem ara\u00e7la hem de toplu ta\u015f\u0131ma ile kolayca ula\u015f\u0131labilir. Yeni hasta olsan\u0131z bile, uzun bekleme s\u00fcreleri olmadan sizi genellikle h\u0131zl\u0131 bir \u015fekilde muayene edebiliyoruz.<\/p>\n<h3 class=\"fw-semibold\"><strong>Haarlem&#039;de eksiksiz di\u015f bak\u0131m\u0131<\/strong><\/h3>\n<p>Haarlem&#039;deki di\u015f klini\u011fimizde t\u00fcm tedavileri tek \u00e7at\u0131 alt\u0131nda sunuyoruz. Periyodik kontroller, a\u011f\u0131z hijyeni, dolgu ve di\u015f beyazlatma ve porselen kaplama gibi estetik tedaviler de dahil olmak \u00fczere bir\u00e7ok hizmet i\u00e7in bize ba\u015fvurabilirsiniz. Modern tedavi odalar\u0131m\u0131z ve ekipmanlar\u0131m\u0131z sayesinde size h\u0131zl\u0131 ve verimli bir \u015fekilde yard\u0131mc\u0131 olabiliriz.<\/p>\n<h3 class=\"fw-semibold\"><strong>Deneyimli di\u015f hekimlerinden ki\u015fisel rehberlik<\/strong><\/h3>\n<p>Haarlem&#039;deki di\u015f hekimleri ve di\u015f hijyenistlerinden olu\u015fan ekibimiz, size do\u011fru \u015fekilde rehberlik etmek i\u00e7in zaman ay\u0131r\u0131r. \u0130ster kontrol i\u00e7in ister kapsaml\u0131 bir tedavi i\u00e7in geliyor olun, kendinizi rahat hissetmenizi ve tam olarak ne bekleyece\u011finizi bilmenizi sa\u011fl\u0131yoruz.<\/p>\n<h3 class=\"fw-semibold\"><strong>Haarlem&#039;de kolayca ula\u015f\u0131labilir.<\/strong><\/h3>\n<p>Muayenehane \u015fu adreste bulunmaktad\u0131r: <a href=\"https:\/\/www.google.com\/maps\/place\/Tandheelkundig+Centrum+Nederland\/@52.3794567,4.6352183,873m\/data=!3m2!1e3!4b1!4m15!1m8!3m7!1s0x47c5ef6a2c13ac73:0x25858d445c299db6!2sSpaarne+72,+2011+CL+Haarlem!3b1!8m2!3d52.3794535!4d4.6377932!16s%2Fg%2F11rg66t37d!3m5!1s0x47c5efaafff3ce23:0x653ede6ae415c612!8m2!3d52.3794535!4d4.6377932!16s%2Fg%2F11shqcm7xc?hl=en&amp;entry=ttu&amp;g_ep=EgoyMDI2MDQxMy4wIKXMDSoASAFQAw%3D%3D\" target=\"_blank\" rel=\"noopener\">Spaarne<\/a> Haarlem \u015fehir merkezindeyiz. Cadde \u00fczerinde otob\u00fcs dura\u011f\u0131 bulunmaktad\u0131r, bu da toplu ta\u015f\u0131ma ile muayenehanemize ula\u015fmay\u0131 kolayla\u015ft\u0131rmaktad\u0131r. Arabayla m\u0131 geliyorsunuz? Cadde \u00fczerinde park yerleri mevcuttur, bu nedenle arabayla da rahatl\u0131kla gelebilirsiniz.<\/p>\n<p><a href=\"https:\/\/tcn.nl\/tandarts-haarlem\/team\/\"><strong>Bize Ula\u015f\u0131n<\/strong><\/a><\/p>","protected":false},"excerpt":{"rendered":"<p>Tandartspraktijk in Haarlem centrum zonder wachtlijst Welkom bij Tandartspraktijk TCN Haarlem, uw tandarts in Haarlem centrum. Onze praktijk aan het Spaarne is centraal gelegen en goed bereikbaar, zowel met de auto als het openbaar vervoer. U kunt bij ons vaak snel terecht, ook als nieuwe pati\u00ebnt en zonder lange wachttijden. Complete mondzorg in Haarlem In [&hellip;]<\/p>\n","protected":false},"author":1,"featured_media":26,"parent":0,"menu_order":0,"comment_status":"closed","ping_status":"closed","template":"","meta":{"_acf_changed":false,"footnotes":""},"class_list":["post-6","page","type-page","status-publish","has-post-thumbnail","hentry"],"acf":[],"_links":{"self":[{"href":"https:\/\/tcn.nl\/tandarts-haarlem\/tr\/wp-json\/wp\/v2\/pages\/6","targetHints":{"allow":["GET"]}}],"collection":[{"href":"https:\/\/tcn.nl\/tandarts-haarlem\/tr\/wp-json\/wp\/v2\/pages"}],"about":[{"href":"https:\/\/tcn.nl\/tandarts-haarlem\/tr\/wp-json\/wp\/v2\/types\/page"}],"author":[{"embeddable":true,"href":"https:\/\/tcn.nl\/tandarts-haarlem\/tr\/wp-json\/wp\/v2\/users\/1"}],"replies":[{"embeddable":true,"href":"https:\/\/tcn.nl\/tandarts-haarlem\/tr\/wp-json\/wp\/v2\/comments?post=6"}],"version-history":[{"count":39,"href":"https:\/\/tcn.nl\/tandarts-haarlem\/tr\/wp-json\/wp\/v2\/pages\/6\/revisions"}],"predecessor-version":[{"id":83,"href":"https:\/\/tcn.nl\/tandarts-haarlem\/tr\/wp-json\/wp\/v2\/pages\/6\/revisions\/83"}],"wp:featuredmedia":[{"embeddable":true,"href":"https:\/\/tcn.nl\/tandarts-haarlem\/tr\/wp-json\/wp\/v2\/media\/26"}],"wp:attachment":[{"href":"https:\/\/tcn.nl\/tandarts-haarlem\/tr\/wp-json\/wp\/v2\/media?parent=6"}],"curies":[{"name":"wp","href":"https:\/\/api.w.org\/{rel}","templated":true}]}}