{"id":7,"date":"2025-06-30T15:07:22","date_gmt":"2025-06-30T15:07:22","guid":{"rendered":"http:\/\/tcn.nl\/tandarts-beverwijk\/?page_id=7"},"modified":"2025-10-20T15:00:07","modified_gmt":"2025-10-20T13:00:07","slug":"home","status":"publish","type":"page","link":"https:\/\/tcn.nl\/tandarts-beverwijk\/","title":{"rendered":"Home"},"content":{"rendered":"<h2 class=\"fw-semibold\">Tandartspraktijk Beverwijk<\/h2>\n<p>Tandarts in Beverwijk nodig? Bij Tandheelkundig Centrum Nederland (TCN) in Beverwijk bent u welkom in een moderne tandartspraktijk met een huiselijke en ontspannen sfeer. Onze praktijk is gevestigd in een karakteristiek monumentaal pand, op loopafstand van het treinstation en met ruime parkeergelegenheid direct voor de deur. Zo kunt u ons altijd gemakkelijk bereiken, of u nu uit Beverwijk zelf komt of uit de omliggende plaatsen zoals Heemskerk, Velsen of Wijk aan Zee.<\/p>\n<p>In onze praktijk vindt u alle tandheelkundige disciplines onder \u00e9\u00e9n dak. Ons ervaren team van tandartsen, mondhygi\u00ebnisten en specialisten werkt nauw samen om u de best mogelijke zorg te bieden. U kunt bij ons terecht voor onder andere cosmetische tandheelkunde, <a href=\"https:\/\/tcn.nl\/behandelingen\/kindertandarts\/\">kindertandheelkunde<\/a>, <a href=\"https:\/\/tcn.nl\/behandelingen\/orthodontie\/\">orthodontie<\/a>, <a href=\"https:\/\/tcn.nl\/behandelingen\/wortelkanaalbehandeling\/\">endodontologie<\/a>, <a href=\"https:\/\/tcn.nl\/behandelingen\/tanden-bleken\/\">tanden bleken<\/a>, <a href=\"https:\/\/tcn.nl\/behandelingen\/kunstgebit\/\">kunstgebitten<\/a>, parodontologie en <a href=\"https:\/\/tcn.nl\/behandelingen\/implantaten\/\">implantologie<\/a>. Dankzij deze brede expertise kunnen wij elk gebit de juiste aandacht en behandeling geven, van preventieve controles tot complexe restauraties.<\/p>\n<p>Wilt u ons vooraf even zien? Dat snappen wij natuurlijk. Klik op de knop hieronder en ontmoet ons team alvast!<\/p>\n<p><strong><a href=\"https:\/\/tcn.nl\/tandarts-beverwijk\/team\/\">Ontmoet ons team<\/a><\/strong><\/p>\n","protected":false},"excerpt":{"rendered":"<p>Tandartspraktijk Beverwijk Tandarts in Beverwijk nodig? Bij Tandheelkundig Centrum Nederland (TCN) in Beverwijk bent u welkom in een moderne tandartspraktijk met een huiselijke en ontspannen sfeer. Onze praktijk is gevestigd in een karakteristiek monumentaal pand, op loopafstand van het treinstation en met ruime parkeergelegenheid direct voor de deur. Zo kunt u ons altijd gemakkelijk bereiken, [&hellip;]<\/p>\n","protected":false},"author":1,"featured_media":28,"parent":0,"menu_order":0,"comment_status":"closed","ping_status":"closed","template":"","meta":{"_acf_changed":false,"footnotes":""},"class_list":["post-7","page","type-page","status-publish","has-post-thumbnail","hentry"],"acf":[],"_links":{"self":[{"href":"https:\/\/tcn.nl\/tandarts-beverwijk\/wp-json\/wp\/v2\/pages\/7","targetHints":{"allow":["GET"]}}],"collection":[{"href":"https:\/\/tcn.nl\/tandarts-beverwijk\/wp-json\/wp\/v2\/pages"}],"about":[{"href":"https:\/\/tcn.nl\/tandarts-beverwijk\/wp-json\/wp\/v2\/types\/page"}],"author":[{"embeddable":true,"href":"https:\/\/tcn.nl\/tandarts-beverwijk\/wp-json\/wp\/v2\/users\/1"}],"replies":[{"embeddable":true,"href":"https:\/\/tcn.nl\/tandarts-beverwijk\/wp-json\/wp\/v2\/comments?post=7"}],"version-history":[{"count":11,"href":"https:\/\/tcn.nl\/tandarts-beverwijk\/wp-json\/wp\/v2\/pages\/7\/revisions"}],"predecessor-version":[{"id":54,"href":"https:\/\/tcn.nl\/tandarts-beverwijk\/wp-json\/wp\/v2\/pages\/7\/revisions\/54"}],"wp:featuredmedia":[{"embeddable":true,"href":"https:\/\/tcn.nl\/tandarts-beverwijk\/wp-json\/wp\/v2\/media\/28"}],"wp:attachment":[{"href":"https:\/\/tcn.nl\/tandarts-beverwijk\/wp-json\/wp\/v2\/media?parent=7"}],"curies":[{"name":"wp","href":"https:\/\/api.w.org\/{rel}","templated":true}]}}